{"id":754,"date":"2021-06-30T13:01:49","date_gmt":"2021-06-30T11:01:49","guid":{"rendered":"http:\/\/dev.schorschbraeu.de\/?page_id=754"},"modified":"2021-06-30T13:06:52","modified_gmt":"2021-06-30T11:06:52","slug":"sonderserien-2","status":"publish","type":"page","link":"https:\/\/www.schorschbraeu.de\/en\/sonderserien-2\/","title":{"rendered":"Sonderserien"},"content":{"rendered":"<div class=\"flex_column av_one_full  flex_column_div first  \" ><p><section class=\"av_textblock_section \"  itemscope=\"itemscope\" itemtype=\"https:\/\/schema.org\/CreativeWork\" ><div class='avia_textblock  '   itemprop=\"text\" ><p><strong>Diese Biere sind nicht Teil unseres Standard-Lieferprogramms. Wir produzieren Sie nur auf Anfrage und bei entsprechenden Bestellmengen. \u00dcbrigens d\u00fcrfen Sie uns jederzeit Ihre W\u00fcnsche bez\u00fcglich eines individuell gestalteten Produktes mitteilen. Wir machen Ihnen dann gerne ein Angebot.<\/strong><\/p>\n<\/div><\/section><br \/>\n<div class='sort_width_container  av-sort-yes' data-portfolio-id='1' ><div id='js_sort_items' ><div class='sort_by_cat hidden '><a href=\"#\" data-filter=\"all_sort\" class=\"all_sort_button active_sort\"><span class=\"inner_sort_button\"><span>All<\/span><small class=\"av-cat-count\"> 12 <\/small><\/span><\/a><span class='text-sep sonderserien_sort_sep'>\/<\/span><a href=\"#\" data-filter=\"sonderserien_sort\" class=\"sonderserien_sort_button\" ><span class=\"inner_sort_button\"><span>Sonderserien<\/span><small class='av-cat-count'> 12 <\/small><\/span><\/a><\/div><\/div><\/div><div class=' grid-sort-container isotope   no_margin-container with-title-container grid-total-even grid-col-3 grid-links-' data-portfolio-id='1'><div data-ajax-id='1073' class=' grid-entry flex_column isotope-item all_sort no_margin post-entry post-entry-1073 grid-entry-overview grid-loop-1 grid-parity-odd  nullfuenf_sort sonderserien_sort steingutflasche_sort  av_one_third first default_av_fullwidth '><article class='main_color inner-entry'  itemscope=\"itemscope\" itemtype=\"https:\/\/schema.org\/CreativeWork\" ><a href='https:\/\/www.schorschbraeu.de\/en\/portfolio-item\/schorschbock-16-05l\/' title='Schorschbock 16 0,5l'  data-rel='grid-1' class='grid-image avia-hover-fx'><img loading=\"lazy\" decoding=\"async\" width=\"495\" height=\"400\" src=\"https:\/\/www.schorschbraeu.de\/wp-content\/uploads\/2014\/01\/Bock-16-05-495x400.jpg\" class=\"attachment-portfolio size-portfolio wp-post-image\" alt=\"\" \/><\/a><div class='grid-content'><div class='avia-arrow'><\/div><header class=\"entry-content-header\"><h3 class='grid-entry-title entry-title'  itemprop=\"headline\" ><a href='https:\/\/www.schorschbraeu.de\/en\/portfolio-item\/schorschbock-16-05l\/' title='Schorschbock 16 0,5l'>Schorschbock 16 0,5l<\/a><\/h3><\/header><\/div><footer class=\"entry-footer\"><\/footer><\/article><\/div><div data-ajax-id='1047' class=' grid-entry flex_column isotope-item all_sort no_margin post-entry post-entry-1047 grid-entry-overview grid-loop-2 grid-parity-even  nulldreidrei_sort sonderserien_sort steingutflasche_sort  av_one_third  default_av_fullwidth '><article class='main_color inner-entry'  itemscope=\"itemscope\" itemtype=\"https:\/\/schema.org\/CreativeWork\" ><a href='https:\/\/www.schorschbraeu.de\/en\/portfolio-item\/schorschbraeu-stammhalterbock\/' title='Schorschbr\u00e4u Stammhalterbock'  data-rel='grid-1' class='grid-image avia-hover-fx'><img loading=\"lazy\" decoding=\"async\" width=\"495\" height=\"400\" src=\"https:\/\/www.schorschbraeu.de\/wp-content\/uploads\/2014\/01\/Stammhalterbock-033-800px-495x400.jpg\" class=\"attachment-portfolio size-portfolio wp-post-image\" alt=\"\" \/><\/a><div class='grid-content'><div class='avia-arrow'><\/div><header class=\"entry-content-header\"><h3 class='grid-entry-title entry-title'  itemprop=\"headline\" ><a href='https:\/\/www.schorschbraeu.de\/en\/portfolio-item\/schorschbraeu-stammhalterbock\/' title='Schorschbr\u00e4u Stammhalterbock'>Schorschbr\u00e4u Stammhalterbock<\/a><\/h3><\/header><\/div><footer class=\"entry-footer\"><\/footer><\/article><\/div><div data-ajax-id='958' class=' grid-entry flex_column isotope-item all_sort no_margin post-entry post-entry-958 grid-entry-overview grid-loop-3 grid-parity-odd  nullfuenf_sort sonderserien_sort steingutflasche_sort  av_one_third  default_av_fullwidth '><article class='main_color inner-entry'  itemscope=\"itemscope\" itemtype=\"https:\/\/schema.org\/CreativeWork\" ><a href='https:\/\/www.schorschbraeu.de\/en\/portfolio-item\/schorschweizen-16-05l\/' title='Schorschweizen 16 0,5l'  data-rel='grid-1' class='grid-image avia-hover-fx'><img loading=\"lazy\" decoding=\"async\" width=\"495\" height=\"400\" src=\"https:\/\/www.schorschbraeu.de\/wp-content\/uploads\/2014\/01\/Weizen-16-05-800px-495x400.jpg\" class=\"attachment-portfolio size-portfolio wp-post-image\" alt=\"\" \/><\/a><div class='grid-content'><div class='avia-arrow'><\/div><header class=\"entry-content-header\"><h3 class='grid-entry-title entry-title'  itemprop=\"headline\" ><a href='https:\/\/www.schorschbraeu.de\/en\/portfolio-item\/schorschweizen-16-05l\/' title='Schorschweizen 16 0,5l'>Schorschweizen 16 0,5l<\/a><\/h3><\/header><\/div><footer class=\"entry-footer\"><\/footer><\/article><\/div><div data-ajax-id='946' class=' grid-entry flex_column isotope-item all_sort no_margin post-entry post-entry-946 grid-entry-overview grid-loop-4 grid-parity-even  nulldreidrei_sort glasflasche_sort sonderserien_sort  av_one_third first default_av_fullwidth '><article class='main_color inner-entry'  itemscope=\"itemscope\" itemtype=\"https:\/\/schema.org\/CreativeWork\" ><a href='https:\/\/www.schorschbraeu.de\/en\/portfolio-item\/eisbock-13-033l-weihnachtsedition\/' title='Eisbock 13 0,33l Weihnachtsedition'  data-rel='grid-1' class='grid-image avia-hover-fx'><img loading=\"lazy\" decoding=\"async\" width=\"495\" height=\"400\" src=\"https:\/\/www.schorschbraeu.de\/wp-content\/uploads\/2014\/01\/Ice-13-weihnacht-033-800px-495x400.jpg\" class=\"attachment-portfolio size-portfolio wp-post-image\" alt=\"\" \/><\/a><div class='grid-content'><div class='avia-arrow'><\/div><header class=\"entry-content-header\"><h3 class='grid-entry-title entry-title'  itemprop=\"headline\" ><a href='https:\/\/www.schorschbraeu.de\/en\/portfolio-item\/eisbock-13-033l-weihnachtsedition\/' title='Eisbock 13 0,33l Weihnachtsedition'>Eisbock 13 0,33l Weihnachtsedition<\/a><\/h3><\/header><\/div><footer class=\"entry-footer\"><\/footer><\/article><\/div><div data-ajax-id='944' class=' grid-entry flex_column isotope-item all_sort no_margin post-entry post-entry-944 grid-entry-overview grid-loop-5 grid-parity-odd  glasflasche_sort sonderserien_sort  av_one_third  default_av_fullwidth '><article class='main_color inner-entry'  itemscope=\"itemscope\" itemtype=\"https:\/\/schema.org\/CreativeWork\" ><a href='https:\/\/www.schorschbraeu.de\/en\/portfolio-item\/schorschbraeu-jahrgangsbock\/' title='Schorschbr\u00e4u Jahrgangsbock'  data-rel='grid-1' class='grid-image avia-hover-fx'><img loading=\"lazy\" decoding=\"async\" width=\"495\" height=\"400\" src=\"https:\/\/www.schorschbraeu.de\/wp-content\/uploads\/2014\/01\/Jahrgangsbock-075-800px-495x400.jpg\" class=\"attachment-portfolio size-portfolio wp-post-image\" alt=\"\" \/><\/a><div class='grid-content'><div class='avia-arrow'><\/div><header class=\"entry-content-header\"><h3 class='grid-entry-title entry-title'  itemprop=\"headline\" ><a href='https:\/\/www.schorschbraeu.de\/en\/portfolio-item\/schorschbraeu-jahrgangsbock\/' title='Schorschbr\u00e4u Jahrgangsbock'>Schorschbr\u00e4u Jahrgangsbock<\/a><\/h3><\/header><\/div><footer class=\"entry-footer\"><\/footer><\/article><\/div><div data-ajax-id='941' class=' grid-entry flex_column isotope-item all_sort no_margin post-entry post-entry-941 grid-entry-overview grid-loop-6 grid-parity-even  nulldreidrei_sort glasflasche_sort sonderserien_sort  av_one_third  default_av_fullwidth '><article class='main_color inner-entry'  itemscope=\"itemscope\" itemtype=\"https:\/\/schema.org\/CreativeWork\" ><a href='https:\/\/www.schorschbraeu.de\/en\/portfolio-item\/schorschbock-16-033l-glas\/' title='Schorschbock 16 0,33l Glas'  data-rel='grid-1' class='grid-image avia-hover-fx'><img loading=\"lazy\" decoding=\"async\" width=\"495\" height=\"400\" src=\"https:\/\/www.schorschbraeu.de\/wp-content\/uploads\/2014\/01\/Schorschbock-16-033-glas-800px-495x400.jpg\" class=\"attachment-portfolio size-portfolio wp-post-image\" alt=\"\" \/><\/a><div class='grid-content'><div class='avia-arrow'><\/div><header class=\"entry-content-header\"><h3 class='grid-entry-title entry-title'  itemprop=\"headline\" ><a href='https:\/\/www.schorschbraeu.de\/en\/portfolio-item\/schorschbock-16-033l-glas\/' title='Schorschbock 16 0,33l Glas'>Schorschbock 16 0,33l Glas<\/a><\/h3><\/header><\/div><footer class=\"entry-footer\"><\/footer><\/article><\/div><div data-ajax-id='940' class=' grid-entry flex_column isotope-item all_sort no_margin post-entry post-entry-940 grid-entry-overview grid-loop-7 grid-parity-odd  nulldreidrei_sort glasflasche_sort sonderserien_sort  av_one_third first default_av_fullwidth '><article class='main_color inner-entry'  itemscope=\"itemscope\" itemtype=\"https:\/\/schema.org\/CreativeWork\" ><a href='https:\/\/www.schorschbraeu.de\/en\/portfolio-item\/schorschweizen-16-033l-glas\/' title='Schorschweizen 16 0,33l Glas'  data-rel='grid-1' class='grid-image avia-hover-fx'><img loading=\"lazy\" decoding=\"async\" width=\"495\" height=\"400\" src=\"https:\/\/www.schorschbraeu.de\/wp-content\/uploads\/2014\/01\/Schorschweizen-16-033-glas-800px-495x400.jpg\" class=\"attachment-portfolio size-portfolio wp-post-image\" alt=\"\" \/><\/a><div class='grid-content'><div class='avia-arrow'><\/div><header class=\"entry-content-header\"><h3 class='grid-entry-title entry-title'  itemprop=\"headline\" ><a href='https:\/\/www.schorschbraeu.de\/en\/portfolio-item\/schorschweizen-16-033l-glas\/' title='Schorschweizen 16 0,33l Glas'>Schorschweizen 16 0,33l Glas<\/a><\/h3><\/header><\/div><footer class=\"entry-footer\"><\/footer><\/article><\/div><div data-ajax-id='939' class=' grid-entry flex_column isotope-item all_sort no_margin post-entry post-entry-939 grid-entry-overview grid-loop-8 grid-parity-even  nulldreidrei_sort limiteddeutsch_sort produkte_sort sonderserien_sort steingutflasche_sort  av_one_third  default_av_fullwidth '><article class='main_color inner-entry'  itemscope=\"itemscope\" itemtype=\"https:\/\/schema.org\/CreativeWork\" ><a href='https:\/\/www.schorschbraeu.de\/en\/portfolio-item\/schorschbraeu-57-033\/' title='Schorschbr\u00e4u 57% 0,33'  data-rel='grid-1' class='grid-image avia-hover-fx'><img loading=\"lazy\" decoding=\"async\" width=\"495\" height=\"400\" src=\"https:\/\/www.schorschbraeu.de\/wp-content\/uploads\/2014\/01\/Schorschbock-57-033-800-495x400.jpg\" class=\"attachment-portfolio size-portfolio wp-post-image\" alt=\"\" \/><\/a><div class='grid-content'><div class='avia-arrow'><\/div><header class=\"entry-content-header\"><h3 class='grid-entry-title entry-title'  itemprop=\"headline\" ><a href='https:\/\/www.schorschbraeu.de\/en\/portfolio-item\/schorschbraeu-57-033\/' title='Schorschbr\u00e4u 57% 0,33'>Schorschbr\u00e4u 57% 0,33<\/a><\/h3><\/header><\/div><footer class=\"entry-footer\"><\/footer><\/article><\/div><div data-ajax-id='938' class=' grid-entry flex_column isotope-item all_sort no_margin post-entry post-entry-938 grid-entry-overview grid-loop-9 grid-parity-odd  nulldreidrei_sort sonderserien_sort steingutflasche_sort  av_one_third  default_av_fullwidth '><article class='main_color inner-entry'  itemscope=\"itemscope\" itemtype=\"https:\/\/schema.org\/CreativeWork\" ><a href='https:\/\/www.schorschbraeu.de\/en\/portfolio-item\/geburtstagsbock-18-033l\/' title='Geburtstagsbock 18 0,33l'  data-rel='grid-1' class='grid-image avia-hover-fx'><img loading=\"lazy\" decoding=\"async\" width=\"495\" height=\"400\" src=\"https:\/\/www.schorschbraeu.de\/wp-content\/uploads\/2014\/01\/Geburtstagsbock-18-800px-495x400.jpg\" class=\"attachment-portfolio size-portfolio wp-post-image\" alt=\"\" \/><\/a><div class='grid-content'><div class='avia-arrow'><\/div><header class=\"entry-content-header\"><h3 class='grid-entry-title entry-title'  itemprop=\"headline\" ><a href='https:\/\/www.schorschbraeu.de\/en\/portfolio-item\/geburtstagsbock-18-033l\/' title='Geburtstagsbock 18 0,33l'>Geburtstagsbock 18 0,33l<\/a><\/h3><\/header><\/div><footer class=\"entry-footer\"><\/footer><\/article><\/div><div data-ajax-id='937' class=' grid-entry flex_column isotope-item all_sort no_margin post-entry post-entry-937 grid-entry-overview grid-loop-10 grid-parity-even  nulldreidrei_sort sonderserien_sort steingutflasche_sort  av_one_third first default_av_fullwidth '><article class='main_color inner-entry'  itemscope=\"itemscope\" itemtype=\"https:\/\/schema.org\/CreativeWork\" ><a href='https:\/\/www.schorschbraeu.de\/en\/portfolio-item\/geburtstagsbock-25-033l\/' title='Geburtstagsbock 25 0,33l'  data-rel='grid-1' class='grid-image avia-hover-fx'><img loading=\"lazy\" decoding=\"async\" width=\"495\" height=\"400\" src=\"https:\/\/www.schorschbraeu.de\/wp-content\/uploads\/2014\/01\/Geburtstagsbock-25-800px-495x400.jpg\" class=\"attachment-portfolio size-portfolio wp-post-image\" alt=\"\" \/><\/a><div class='grid-content'><div class='avia-arrow'><\/div><header class=\"entry-content-header\"><h3 class='grid-entry-title entry-title'  itemprop=\"headline\" ><a href='https:\/\/www.schorschbraeu.de\/en\/portfolio-item\/geburtstagsbock-25-033l\/' title='Geburtstagsbock 25 0,33l'>Geburtstagsbock 25 0,33l<\/a><\/h3><\/header><\/div><footer class=\"entry-footer\"><\/footer><\/article><\/div><div data-ajax-id='936' class=' grid-entry flex_column isotope-item all_sort no_margin post-entry post-entry-936 grid-entry-overview grid-loop-11 grid-parity-odd  nulleins_sort sonderserien_sort steingutflasche_sort  av_one_third  default_av_fullwidth '><article class='main_color inner-entry'  itemscope=\"itemscope\" itemtype=\"https:\/\/schema.org\/CreativeWork\" ><a href='https:\/\/www.schorschbraeu.de\/en\/portfolio-item\/geburtstagsbock-30-033l\/' title='Geburtstagsbock 30 0,33l'  data-rel='grid-1' class='grid-image avia-hover-fx'><img loading=\"lazy\" decoding=\"async\" width=\"495\" height=\"400\" src=\"https:\/\/www.schorschbraeu.de\/wp-content\/uploads\/2014\/01\/Geburtstagsbock-30-800px-495x400.jpg\" class=\"attachment-portfolio size-portfolio wp-post-image\" alt=\"\" \/><\/a><div class='grid-content'><div class='avia-arrow'><\/div><header class=\"entry-content-header\"><h3 class='grid-entry-title entry-title'  itemprop=\"headline\" ><a href='https:\/\/www.schorschbraeu.de\/en\/portfolio-item\/geburtstagsbock-30-033l\/' title='Geburtstagsbock 30 0,33l'>Geburtstagsbock 30 0,33l<\/a><\/h3><\/header><\/div><footer class=\"entry-footer\"><\/footer><\/article><\/div><div data-ajax-id='934' class=' grid-entry flex_column isotope-item all_sort no_margin post-entry post-entry-934 grid-entry-overview grid-loop-12 grid-parity-even  post-entry-last  nullnullvier_sort nulleins_sort nulldreidrei_sort nullfuenf_sort eisbock_sort limiteddeutsch_sort sonderserien_sort steingutflasche_sort  av_one_third  default_av_fullwidth '><article class='main_color inner-entry'  itemscope=\"itemscope\" itemtype=\"https:\/\/schema.org\/CreativeWork\" ><a href='https:\/\/www.schorschbraeu.de\/en\/portfolio-item\/oak-aged-beer\/' title='Oak-Aged Beer'  data-rel='grid-1' class='grid-image avia-hover-fx'><img loading=\"lazy\" decoding=\"async\" width=\"495\" height=\"400\" src=\"https:\/\/www.schorschbraeu.de\/wp-content\/uploads\/2014\/01\/Oak-Aged-800px-495x400.jpg\" class=\"attachment-portfolio size-portfolio wp-post-image\" alt=\"\" \/><\/a><div class='grid-content'><div class='avia-arrow'><\/div><header class=\"entry-content-header\"><h3 class='grid-entry-title entry-title'  itemprop=\"headline\" ><a href='https:\/\/www.schorschbraeu.de\/en\/portfolio-item\/oak-aged-beer\/' title='Oak-Aged Beer'>Oak-Aged Beer<\/a><\/h3><\/header><\/div><footer class=\"entry-footer\"><\/footer><\/article><\/div><\/div><\/p><\/div>\n","protected":false},"excerpt":{"rendered":"","protected":false},"author":3,"featured_media":0,"parent":0,"menu_order":0,"comment_status":"open","ping_status":"open","template":"","meta":{"footnotes":""},"class_list":["post-754","page","type-page","status-publish","hentry"],"_links":{"self":[{"href":"https:\/\/www.schorschbraeu.de\/en\/wp-json\/wp\/v2\/pages\/754","targetHints":{"allow":["GET"]}}],"collection":[{"href":"https:\/\/www.schorschbraeu.de\/en\/wp-json\/wp\/v2\/pages"}],"about":[{"href":"https:\/\/www.schorschbraeu.de\/en\/wp-json\/wp\/v2\/types\/page"}],"author":[{"embeddable":true,"href":"https:\/\/www.schorschbraeu.de\/en\/wp-json\/wp\/v2\/users\/3"}],"replies":[{"embeddable":true,"href":"https:\/\/www.schorschbraeu.de\/en\/wp-json\/wp\/v2\/comments?post=754"}],"version-history":[{"count":2,"href":"https:\/\/www.schorschbraeu.de\/en\/wp-json\/wp\/v2\/pages\/754\/revisions"}],"predecessor-version":[{"id":808,"href":"https:\/\/www.schorschbraeu.de\/en\/wp-json\/wp\/v2\/pages\/754\/revisions\/808"}],"wp:attachment":[{"href":"https:\/\/www.schorschbraeu.de\/en\/wp-json\/wp\/v2\/media?parent=754"}],"curies":[{"name":"wp","href":"https:\/\/api.w.org\/{rel}","templated":true}]}}