{"id":743,"date":"2021-06-30T12:59:30","date_gmt":"2021-06-30T10:59:30","guid":{"rendered":"http:\/\/dev.schorschbraeu.de\/?page_id=743"},"modified":"2021-09-22T12:15:55","modified_gmt":"2021-09-22T10:15:55","slug":"impressum","status":"publish","type":"page","link":"https:\/\/www.schorschbraeu.de\/en\/impressum\/","title":{"rendered":"Impressum"},"content":{"rendered":"<p><strong>Schorschbr\u00e4u GmbH<\/strong><br \/>\nGesch\u00e4ftsf\u00fchrer Dipl. Braumeister Georg Tscheuschner<br \/>\nRichard St\u00fccklen Str. 7 \u00a0\u2022 91710 Gunzenhausen<\/p>\n<p>Telefon Verwaltung 09831 883250<\/p>\n<p>email: info@schorschbraeu.de<\/p>\n<p>Ust Id Nr. DE 264617430<\/p>\n<p>HRB 4677 ,\u00a0Finanzamt Ansbach<\/p>\n<p><strong>Bankverbindung<\/strong><br \/>\nBLZ 765 515 40,<br \/>\nKto.- Nr 15 017 460<br \/>\nSparkasse Gunzenhausen,<br \/>\nIBAN DE32765515400015017460<br \/>\nSwift BIC: BYLADEM 1GUN<br \/>\nV. i. S. d. P.:<br \/>\nGeorg Tscheuschner,<\/p>\n<p>Richard St\u00fccklen Str. 7 \u00a0\u2022 91710 Gunzenhausen<br \/>\nTelefon 09831 883250<br \/>\nemail: info@schorschbraeu.de<\/p>\n<p>&nbsp;<\/p>\n","protected":false},"excerpt":{"rendered":"<p>Schorschbr\u00e4u GmbH Gesch\u00e4ftsf\u00fchrer Dipl. Braumeister Georg Tscheuschner Richard St\u00fccklen Str. 7 \u00a0\u2022 91710 Gunzenhausen Telefon Verwaltung 09831 883250 email: info@schorschbraeu.de Ust Id Nr. DE 264617430 HRB 4677 ,\u00a0Finanzamt Ansbach Bankverbindung BLZ 765 515 40, Kto.- Nr 15 017 460 Sparkasse Gunzenhausen, IBAN DE32765515400015017460 Swift BIC: BYLADEM 1GUN V. i. S. d. P.: Georg Tscheuschner, Richard [&hellip;]<\/p>\n","protected":false},"author":3,"featured_media":0,"parent":0,"menu_order":0,"comment_status":"open","ping_status":"closed","template":"","meta":{"footnotes":""},"class_list":["post-743","page","type-page","status-publish","hentry"],"_links":{"self":[{"href":"https:\/\/www.schorschbraeu.de\/en\/wp-json\/wp\/v2\/pages\/743","targetHints":{"allow":["GET"]}}],"collection":[{"href":"https:\/\/www.schorschbraeu.de\/en\/wp-json\/wp\/v2\/pages"}],"about":[{"href":"https:\/\/www.schorschbraeu.de\/en\/wp-json\/wp\/v2\/types\/page"}],"author":[{"embeddable":true,"href":"https:\/\/www.schorschbraeu.de\/en\/wp-json\/wp\/v2\/users\/3"}],"replies":[{"embeddable":true,"href":"https:\/\/www.schorschbraeu.de\/en\/wp-json\/wp\/v2\/comments?post=743"}],"version-history":[{"count":7,"href":"https:\/\/www.schorschbraeu.de\/en\/wp-json\/wp\/v2\/pages\/743\/revisions"}],"predecessor-version":[{"id":1161,"href":"https:\/\/www.schorschbraeu.de\/en\/wp-json\/wp\/v2\/pages\/743\/revisions\/1161"}],"wp:attachment":[{"href":"https:\/\/www.schorschbraeu.de\/en\/wp-json\/wp\/v2\/media?parent=743"}],"curies":[{"name":"wp","href":"https:\/\/api.w.org\/{rel}","templated":true}]}}